{"id":12,"date":"2012-09-04T13:51:44","date_gmt":"2012-09-04T11:51:44","guid":{"rendered":"http:\/\/www.sbh-dresden.de\/CMS\/WP\/?page_id=12"},"modified":"2018-05-15T06:17:04","modified_gmt":"2018-05-15T06:17:04","slug":"impressum","status":"publish","type":"page","link":"http:\/\/www.lockwitzer.de\/CMS\/WP\/impressum\/","title":{"rendered":"Impressum"},"content":{"rendered":"<h1><strong>Impressum<\/strong><\/h1>\n<table cellspacing=\"0\" cellpadding=\"0\">\n<tbody>\n<tr>\n<td width=\"703\" height=\"754\">\n<h2><strong>Fruchthof Thomas GbR<\/strong><\/h2>\n<p align=\"left\">Am Viertelacker 28, 01259 Dresden<br \/>\nTel. 0351 270310, Fax 0351 2703138<br \/>\nGesellschafter:<br \/>\nJens Thomas<br \/>\nDirk Thomas<\/p>\n<p>Gerichtsstand: Amtsgericht Dresden<br \/>\nUst.-IdNr. DE 176086695<\/p>\n<p>&nbsp;<\/p>\n<h2><strong>SBH Frucht- und Getr\u00e4nkegro\u00dfhandel GmbH<\/strong><\/h2>\n<p>Am Viertelacker 28, 01259 Dresden<br \/>\nTel. 0351 270310, Fax 0351 2703138<br \/>\nEmail: info@sbh-dresden.de<br \/>\nGesch\u00e4ftsf\u00fchrer:<br \/>\nJens Thomas<br \/>\nDirk Thomas<\/p>\n<p>Gerichtsstand: Amtsgericht Dresden<br \/>\nHRB 2989<br \/>\nUst.-IdNr. DE 140300520<\/p>\n<p>&nbsp;<\/p>\n<h2><strong>Lockwitzer Frischfrucht GmbH<\/strong><\/h2>\n<p>Am Viertelacker 28, 01259 Dresden<br \/>\nTel. 0351 270310, Fax 0351 2703138<br \/>\nEmail: info@lockwitzer.de<br \/>\nGesch\u00e4ftsf\u00fchrer:<br \/>\nJens Thomas<br \/>\nDirk Thomas<\/p>\n<p>Gerichtsstand: Amtsgericht Dresden<br \/>\nHRB 11168<br \/>\nUst.-IdNr. DE 165813749<\/p>\n<p><span class=\"bodyText\"><strong>Allgemeine Gesch\u00e4ftsbedingungen<\/strong><\/span><br \/>\n1. Die Ware und \/ oder deren Erl\u00f6s bleiben bis zur v\u00f6lligen Bezahlung unser ausschlie\u00dfliches<br \/>\nEigentum mit dem Recht der \u00a7\u00a7 43 und 46 K.O.<br \/>\nDie Ware darf vor vollst\u00e4ndiger Bezahlung nur im ordnungsgem\u00e4\u00dfen Gesch\u00e4ftsverkehr<br \/>\nweiterver\u00e4u\u00dfert werden. Die daraus entstehenden Forderungen an die Abnehmer tritt<br \/>\nder K\u00e4ufer an den Verk\u00e4ufer ab. Der K\u00e4ufer ist erm\u00e4chtigt, die abgetretenen Forderungen<br \/>\nso lange einzuziehen, als er seiner Zahlungspflicht gegen\u00fcber dem Verk\u00e4ufer<br \/>\nvertragsgem\u00e4\u00df nachkommt.<\/p>\n<p>2. Die Ware reist auf Risiko und Gefahr des Empf\u00e4ngers. Reklamationen k\u00f6nnen nur<br \/>\nunmittelbar bei Empfang der Ware, sp\u00e4testens innerhalb von 6 Stunden nach<br \/>\nBereitstellung der Ware telefonisch oder per Fax erfolgen. Sp\u00e4tere Beanstandungen<br \/>\nwerden nicht anerkannt.<\/p>\n<p>3. Erf\u00fcllungsort und Gerichtsstand f\u00fcr beide Teile ist Dresden.<\/p>\n<p>4. Die Gesch\u00e4ftsbedingungen gelten f\u00fcr diesen Abschluss und f\u00fcr alle k\u00fcnftigen Gesch\u00e4fte.<\/p>\n<p>5. Sofern in diesem Vertrag nichts schriftlich anders vereinbart ist, gelten die Richtlinien<br \/>\nlaut den \u201eGesch\u00e4ftsbedingungen f\u00fcr frische, essbare Gartenbauerzeugnisse\u201c<br \/>\n(EWG)-Schiedsgericht Stra\u00dfburg.<\/p>\n<p align=\"left\"><strong>Haftungsausschluss<br \/>\n<\/strong>Bei der Erstellung dieser Webseite werden alle Anstrengungen unternommen, um die darin enthaltenen Informationen m\u00f6glichst aktuell, sachlich korrekt und eindeutig zu halten. Trotz aller Sorgfalt kann es jedoch zu unbeabsichtigten Fehlangaben kommen. Die SBH Frucht- und Getr\u00e4nkegro\u00dfhandel GmbH schlie\u00dft daher insbesondere jegliche Haftung f\u00fcr\u00a0Tipp- und Druckfehler und die Exaktheit, Vollst\u00e4ndigkeit und Aktualit\u00e4t der auf der Webseite des Unternehmens enthaltenen Informationen aus. Die auf der SBH Frucht- und Getr\u00e4nkegro\u00dfhandel GmbH-Webseite bereitgehaltenen Informationen und Daten k\u00f6nnen jederzeit\u00a0ohne Vorank\u00fcndigung ge\u00e4ndert werden. Sie\u00a0werden von der SBH Frucht- und Getr\u00e4nkegro\u00dfhandel GmbH unverbindlich und unter\u00a0Ausschluss\u00a0jeglicher Garantien oder Zusicherungen angeboten.<\/p>\n<p>Soweit die SBH Frucht- und Getr\u00e4nkegro\u00dfhandel GmbH-Webseite Links oder Pointers auf Webseiten Dritter enth\u00e4lt, \u00fcbernimmt die SBH Frucht- und Getr\u00e4nkegro\u00dfhandel GmbH\u00a0f\u00fcr die\u00a0dort erh\u00e4ltlichen Informationen, Mitteilungen, Materialien oder Links auf\u00a0weitere Webseiten keinerlei Verantwortung. Wir erkl\u00e4ren ausdr\u00fccklich, dass wir uns Inhalte gelinkter Seiten nicht in jedem Fall zu eigen machen.<\/p>\n<p>Indem Sie die SBH Frucht- und Getr\u00e4nkegro\u00dfhandel GmbH-Webseite benutzen, tragen\u00a0Sie die gesamte Gefahr, die mit der Benutzung zusammenh\u00e4ngt, einschlie\u00dflich s\u00e4mtlicher Risiken einer Sch\u00e4digung Ihrer Computer, Software oder Daten durch Viren oder andere Software, die \u00fcber\u00a0die\u00a0SBH Frucht- und Getr\u00e4nkegro\u00dfhandel GmbH-Webseite oder Ihren Zugriff darauf \u00fcbertragen oder aktiviert wird. In keinem Fall haftet die SBH Frucht- und Getr\u00e4nkegro\u00dfhandel GmbH f\u00fcr irgendeinen direkten,\u00a0indirekten, besonderen, Begleit- oder Folgeschaden oder entgangenen\u00a0Gewinn, der sich aus dem Gebrauch oder Fehlgebrauch von Informationen oder aus unvollst\u00e4ndigen Informationen auf der Webseite der SBH Frucht- und Getr\u00e4nkegro\u00dfhandel GmbH ergibt.<\/p>\n<p align=\"left\"><strong>Copyright<\/strong><br \/>\nS\u00e4mtliche auf dieser Internetseite zur Verf\u00fcgung gestellten Inhalte unterliegen dem Urheberrecht. Das Urheberrecht liegt, bis auf die Ausnahmen unter Bildnachweis, bei der SBH Frucht- und Getr\u00e4nkegro\u00dfhandel GmbH. Alle Rechte vorbehalten. Jegliche Form von Reproduktion hier bereitgestellter Inhalte ohne schriftliche Genehmigung der SBH Frucht- und Getr\u00e4nkegro\u00dfhandel GmbH ist ausdr\u00fccklich untersagt. Alle hier genannten Warenzeichen, Firmennamen, Dienstleistungsmarken und Logos sind Eigentum ihrer jeweiligen Besitzer.<\/p>\n<p align=\"left\"><strong>\u00a0<\/strong><\/p>\n<p align=\"left\">\n<\/td>\n<\/tr>\n<\/tbody>\n<\/table>\n<p>&nbsp;<\/p>\n","protected":false},"excerpt":{"rendered":"<p>Impressum Fruchthof Thomas GbR Am Viertelacker 28, 01259 Dresden Tel. 0351 270310, Fax 0351 2703138 Gesellschafter: Jens Thomas Dirk Thomas Gerichtsstand: Amtsgericht Dresden Ust.-IdNr. DE 176086695 &nbsp; SBH Frucht- und Getr\u00e4nkegro\u00dfhandel GmbH Am Viertelacker 28, 01259 Dresden Tel. 0351 270310, Fax 0351 2703138 Email: info@sbh-dresden.de Gesch\u00e4ftsf\u00fchrer: Jens Thomas Dirk Thomas Gerichtsstand: Amtsgericht Dresden HRB 2989 Ust.-IdNr. DE 140300520 &nbsp; Lockwitzer Frischfrucht GmbH Am Viertelacker 28, 01259 Dresden Tel. 0351 270310, Fax 0351 2703138 Email: info@lockwitzer.de Gesch\u00e4ftsf\u00fchrer: Jens Thomas Dirk Thomas&#8230;<\/p>\n<p class=\"read-more\"><a class=\"btn btn-default\" href=\"http:\/\/www.lockwitzer.de\/CMS\/WP\/impressum\/\">Weiterlesen<span class=\"screen-reader-text\"> Weiterlesen<\/span><\/a><\/p>\n","protected":false},"author":1,"featured_media":0,"parent":0,"menu_order":0,"comment_status":"closed","ping_status":"closed","template":"","meta":{"footnotes":""},"class_list":["post-12","page","type-page","status-publish","hentry"],"_links":{"self":[{"href":"http:\/\/www.lockwitzer.de\/CMS\/WP\/wp-json\/wp\/v2\/pages\/12","targetHints":{"allow":["GET"]}}],"collection":[{"href":"http:\/\/www.lockwitzer.de\/CMS\/WP\/wp-json\/wp\/v2\/pages"}],"about":[{"href":"http:\/\/www.lockwitzer.de\/CMS\/WP\/wp-json\/wp\/v2\/types\/page"}],"author":[{"embeddable":true,"href":"http:\/\/www.lockwitzer.de\/CMS\/WP\/wp-json\/wp\/v2\/users\/1"}],"replies":[{"embeddable":true,"href":"http:\/\/www.lockwitzer.de\/CMS\/WP\/wp-json\/wp\/v2\/comments?post=12"}],"version-history":[{"count":14,"href":"http:\/\/www.lockwitzer.de\/CMS\/WP\/wp-json\/wp\/v2\/pages\/12\/revisions"}],"predecessor-version":[{"id":869,"href":"http:\/\/www.lockwitzer.de\/CMS\/WP\/wp-json\/wp\/v2\/pages\/12\/revisions\/869"}],"wp:attachment":[{"href":"http:\/\/www.lockwitzer.de\/CMS\/WP\/wp-json\/wp\/v2\/media?parent=12"}],"curies":[{"name":"wp","href":"https:\/\/api.w.org\/{rel}","templated":true}]}}