{"id":141,"date":"2013-09-27T05:37:59","date_gmt":"2013-09-27T05:37:59","guid":{"rendered":"http:\/\/www.sbh-dresden.de\/CMS\/WP\/?page_id=141"},"modified":"2018-05-09T09:18:45","modified_gmt":"2018-05-09T09:18:45","slug":"ausbildung","status":"publish","type":"page","link":"http:\/\/www.lockwitzer.de\/CMS\/WP\/ausbildung\/","title":{"rendered":"Ausbildung"},"content":{"rendered":"<h2 align=\"left\"><strong>Ausbildungsberufe<\/strong><\/h2>\n<h3 align=\"left\"><em><strong>Fachkraft f\u00fcr Lebensmitteltechnik<br \/>\n<\/strong><\/em><\/h3>\n<p class=\"bodyText\" align=\"left\"><strong>Was erwartet Sie in Ihrer Ausbildung?<\/strong><\/p>\n<p class=\"bodyText\">Fachkr\u00e4fte f\u00fcr Lebensmitteltechnik produzieren Nahrungsmittelerzeugnisse wie Fertiggerichte, Konserven oder Backwaren nach festgelegten Rezepturen und Prozessabl\u00e4ufen.<br \/>\nIn erster Linie arbeiten sie in Betrieben der Fisch-, Fleisch- oder Obst- und Gem\u00fcseverarbeitung. Ebenso sind sie in industriellen Gro\u00dfb\u00e4ckereien und Molkereibetrieben t\u00e4tig. Dar\u00fcber hinaus k\u00f6nnen sie in der industriellen Herstellung z.B. von Zuckerwaren oder Babynahrung sowie in Kaffeer\u00f6stereien besch\u00e4ftigt sein.<\/p>\n<p class=\"bodyText\">Fachkraft f\u00fcr Lebensmitteltechnik ist ein anerkannter Ausbildungsberuf nach dem Berufsbildungsgesetz (BBiG).<\/p>\n<p class=\"bodyText\">Diese bundesweit geregelte 3-j\u00e4hrige Ausbildung wird in der Industrie angeboten.<\/p>\n<p><strong>Bewerbungen senden Sie bitte per Email an <a href=\"mailto:info@lockwitzer.de\">info@lockwitzer.de<\/a><\/strong><\/p>\n","protected":false},"excerpt":{"rendered":"<p>Ausbildungsberufe Fachkraft f\u00fcr Lebensmitteltechnik Was erwartet Sie in Ihrer Ausbildung? Fachkr\u00e4fte f\u00fcr Lebensmitteltechnik produzieren Nahrungsmittelerzeugnisse wie Fertiggerichte, Konserven oder Backwaren nach festgelegten Rezepturen und Prozessabl\u00e4ufen. In erster Linie arbeiten sie in Betrieben der Fisch-, Fleisch- oder Obst- und Gem\u00fcseverarbeitung. Ebenso sind sie in industriellen Gro\u00dfb\u00e4ckereien und Molkereibetrieben t\u00e4tig. Dar\u00fcber hinaus k\u00f6nnen sie in der industriellen Herstellung z.B. von Zuckerwaren oder Babynahrung sowie in Kaffeer\u00f6stereien besch\u00e4ftigt sein. Fachkraft f\u00fcr Lebensmitteltechnik ist ein anerkannter Ausbildungsberuf nach dem Berufsbildungsgesetz (BBiG). Diese bundesweit geregelte&#8230;<\/p>\n<p class=\"read-more\"><a class=\"btn btn-default\" href=\"http:\/\/www.lockwitzer.de\/CMS\/WP\/ausbildung\/\">Weiterlesen<span class=\"screen-reader-text\"> Weiterlesen<\/span><\/a><\/p>\n","protected":false},"author":1,"featured_media":0,"parent":0,"menu_order":0,"comment_status":"closed","ping_status":"closed","template":"","meta":{"footnotes":""},"class_list":["post-141","page","type-page","status-publish","hentry"],"_links":{"self":[{"href":"http:\/\/www.lockwitzer.de\/CMS\/WP\/wp-json\/wp\/v2\/pages\/141","targetHints":{"allow":["GET"]}}],"collection":[{"href":"http:\/\/www.lockwitzer.de\/CMS\/WP\/wp-json\/wp\/v2\/pages"}],"about":[{"href":"http:\/\/www.lockwitzer.de\/CMS\/WP\/wp-json\/wp\/v2\/types\/page"}],"author":[{"embeddable":true,"href":"http:\/\/www.lockwitzer.de\/CMS\/WP\/wp-json\/wp\/v2\/users\/1"}],"replies":[{"embeddable":true,"href":"http:\/\/www.lockwitzer.de\/CMS\/WP\/wp-json\/wp\/v2\/comments?post=141"}],"version-history":[{"count":4,"href":"http:\/\/www.lockwitzer.de\/CMS\/WP\/wp-json\/wp\/v2\/pages\/141\/revisions"}],"predecessor-version":[{"id":847,"href":"http:\/\/www.lockwitzer.de\/CMS\/WP\/wp-json\/wp\/v2\/pages\/141\/revisions\/847"}],"wp:attachment":[{"href":"http:\/\/www.lockwitzer.de\/CMS\/WP\/wp-json\/wp\/v2\/media?parent=141"}],"curies":[{"name":"wp","href":"https:\/\/api.w.org\/{rel}","templated":true}]}}