{"id":250,"date":"2016-01-13T06:01:34","date_gmt":"2016-01-13T06:01:34","guid":{"rendered":"http:\/\/www.sbh-dresden.de\/CMS\/WP\/?page_id=250"},"modified":"2018-05-15T06:06:46","modified_gmt":"2018-05-15T06:06:46","slug":"geschichte","status":"publish","type":"page","link":"http:\/\/www.lockwitzer.de\/CMS\/WP\/geschichte\/","title":{"rendered":"Geschichte"},"content":{"rendered":"<p>Die Geschichte der Firma<\/p>\n<p><strong>1994<\/strong><\/p>\n<p>Im Juni 1994 wurde die Lockwitzer Frischfrucht GmbH gegr\u00fcndet und begann ihre Arbeit in zwei kleinen Arbeitsr\u00e4umen.<\/p>\n<p>K\u00fchlung in einem LKW der SBH Frucht- und Getr\u00e4nkegro\u00dfhandel GmbH<br \/>\nmax. Tageskapazit\u00e4t: 250Kg (geschnittene \u00c4pfel, Rotkohl, Wei\u00dfkohl)<\/p>\n<p><strong>1995<\/strong><\/p>\n<p>Auch 1995 ging die Arbeit in den zwei Arbeitsr\u00e4umen mit mehr Mitarbeitern weiter und wurde noch gesteigert.<\/p>\n<p>max. Tageskapazit\u00e4t: 1000Kg (geschnittene \u00c4pfel, Rotkohl, Wei\u00dfkohl, M\u00f6hren)<\/p>\n<p><strong>1997<\/strong><\/p>\n<p>Im Januar 1997 erfolgt die Arbeitsaufnahme im neuen Produktions- und Logistikzentrum am Viertelacker. Nach dem Neubau steht der Lockwitzer Frischfrucht GmbH nun auch neben neuen Produktionsr\u00e4umen eine Rohwarenk\u00fchlzelle zur Verf\u00fcgung. Die Lehrausbildung als Fachkraft f\u00fcr Lebensmitteltechnik wird begonnen.<\/p>\n<p>max. Tageskapazit\u00e4t: 2000Kg (gesch\u00e4lte \u00c4pfel, Rotkohl, Wei\u00dfkohl, M\u00f6hren, Sellerie, Chinakohl usw.)<\/p>\n<p><strong>1998<\/strong><\/p>\n<p>In der Sch\u00e4lproduktion f\u00fcr \u00c4pfel wurde der bis dahin verwendete Konservierungsstoff Schwefel abgeschafft.<\/p>\n<p>max. Tageskapazit\u00e4t: 2000Kg (gesch\u00e4lte \u00c4pfel, entkernte Pflaumen, Schnittgem\u00fcse, Schnittsalate usw.)<\/p>\n<p><strong>2000<\/strong><\/p>\n<p>Eine Beteiligung an Fachmessen beginnt, welche bis heute in regelm\u00e4\u00dfigen Abst\u00e4nden anh\u00e4lt.<\/p>\n<p><strong>2003<\/strong><\/p>\n<p>Vom 01.03.2003 bis zum 31.10.2003 wurde wieder am Viertelacker gebaut. Eine Erweiterung der vorhandenen Geb\u00e4ude war n\u00f6tig geworden. Die Produktionsfl\u00e4che wurde von ehemals 150m\u00b2 auf 600m\u00b2 durch anbau eines Produktionsgeb\u00e4udes erweitert. Durch den Neubau wurde eine Trennung von Schwarz- und Wei\u00dfbereich m\u00f6glich und zugleich neue Sanit\u00e4ranlagen f\u00fcr die Mitarbeiter geschaffen. In die neuen Produktionsr\u00e4ume wurde zudem eine neue K\u00fchlung, eine kontrollierte Luftf\u00fchrung und eine Hygieneschleuse mit Stiefelw\u00e4sche eingebaut.<\/p>\n<p><strong>2004<\/strong><\/p>\n<p>Die Lockwitzer Frischfrucht GmbH feiert ihr 10-j\u00e4hriges Firmenjubil\u00e4um.<\/p>\n<p><strong>2009<\/strong><\/p>\n<p>Die Lockwitzer Frischfrucht GmbH feiert ihr 15-j\u00e4hriges Firmenjubil\u00e4um.<\/p>\n<p><strong>2011<\/strong><\/p>\n<p>Am 14.05.2011 wird der Erweiterungsbau am Viertelacker 28 offiziell eingeweiht. Die Produktionsfl\u00e4che wird verdoppelt und eigene gr\u00f6\u00dfere gek\u00fchlte Lagerr\u00e4ume geschaffen.<\/p>\n","protected":false},"excerpt":{"rendered":"<p>Die Geschichte der Firma 1994 Im Juni 1994 wurde die Lockwitzer Frischfrucht GmbH gegr\u00fcndet und begann ihre Arbeit in zwei kleinen Arbeitsr\u00e4umen. K\u00fchlung in einem LKW der SBH Frucht- und Getr\u00e4nkegro\u00dfhandel GmbH max. Tageskapazit\u00e4t: 250Kg (geschnittene \u00c4pfel, Rotkohl, Wei\u00dfkohl) 1995 Auch 1995 ging die Arbeit in den zwei Arbeitsr\u00e4umen mit mehr Mitarbeitern weiter und wurde noch gesteigert. max. Tageskapazit\u00e4t: 1000Kg (geschnittene \u00c4pfel, Rotkohl, Wei\u00dfkohl, M\u00f6hren) 1997 Im Januar 1997 erfolgt die Arbeitsaufnahme im neuen Produktions- und Logistikzentrum am Viertelacker. Nach&#8230;<\/p>\n<p class=\"read-more\"><a class=\"btn btn-default\" href=\"http:\/\/www.lockwitzer.de\/CMS\/WP\/geschichte\/\">Weiterlesen<span class=\"screen-reader-text\"> Weiterlesen<\/span><\/a><\/p>\n","protected":false},"author":1,"featured_media":0,"parent":0,"menu_order":0,"comment_status":"closed","ping_status":"closed","template":"","meta":{"footnotes":""},"class_list":["post-250","page","type-page","status-publish","hentry"],"_links":{"self":[{"href":"http:\/\/www.lockwitzer.de\/CMS\/WP\/wp-json\/wp\/v2\/pages\/250","targetHints":{"allow":["GET"]}}],"collection":[{"href":"http:\/\/www.lockwitzer.de\/CMS\/WP\/wp-json\/wp\/v2\/pages"}],"about":[{"href":"http:\/\/www.lockwitzer.de\/CMS\/WP\/wp-json\/wp\/v2\/types\/page"}],"author":[{"embeddable":true,"href":"http:\/\/www.lockwitzer.de\/CMS\/WP\/wp-json\/wp\/v2\/users\/1"}],"replies":[{"embeddable":true,"href":"http:\/\/www.lockwitzer.de\/CMS\/WP\/wp-json\/wp\/v2\/comments?post=250"}],"version-history":[{"count":34,"href":"http:\/\/www.lockwitzer.de\/CMS\/WP\/wp-json\/wp\/v2\/pages\/250\/revisions"}],"predecessor-version":[{"id":866,"href":"http:\/\/www.lockwitzer.de\/CMS\/WP\/wp-json\/wp\/v2\/pages\/250\/revisions\/866"}],"wp:attachment":[{"href":"http:\/\/www.lockwitzer.de\/CMS\/WP\/wp-json\/wp\/v2\/media?parent=250"}],"curies":[{"name":"wp","href":"https:\/\/api.w.org\/{rel}","templated":true}]}}